{"id":11831,"date":"2023-05-25T13:42:02","date_gmt":"2023-05-25T11:42:02","guid":{"rendered":"http:\/\/kulturevents-austria.at.localhost\/newsletter\/"},"modified":"2025-03-31T18:01:42","modified_gmt":"2025-03-31T16:01:42","slug":"newsletter","status":"publish","type":"page","link":"https:\/\/www.kulturevents-austria.at\/en\/newsletter\/","title":{"rendered":"Newsletter"},"content":{"rendered":"\n<div class=\"wp-block-columns is-layout-flex wp-container-core-columns-is-layout-9d6595d7 wp-block-columns-is-layout-flex\">\n<div class=\"wp-block-column is-layout-flow wp-block-column-is-layout-flow\">\n<div style=\"height:50px\" aria-hidden=\"true\" class=\"wp-block-spacer\"><\/div>\n\n\n\n<h1 class=\"wp-block-heading has-text-align-center has-text-color has-link-color wp-elements-b51bca174f11e56f8b5bcba64b819dd4\" style=\"color:#bd0f26\">Subscribe to our newsletter<\/h1>\n\n\n\n<p class=\"has-text-align-center\">Stay up to date, don&#8217;t miss any interesting events and subscribe now to the newsletter of <strong>KulturEvents Austria!<\/strong><\/p>\n\n\n\n<div style=\"height:25px\" aria-hidden=\"true\" class=\"wp-block-spacer\"><\/div>\n\n\n\n<style data=\"cr\/theme\">.bgcolor-1 {\n        background-color: #FFF\n    }\n\n    .bgcolor-1-outlook {\n        background-color: #FFF\n    }\n\n    .color-1 {\n        color: #082137\n    }\n\n    .bgcolor-2 {\n        background-color: #FFF\n    }\n\n    .bgcolor-2-outlook {\n        background-color: #FFF\n    }\n\n    .color-2 {\n        color: #082137\n    }\n\n    .aux-color-1 {\n        color: #00282E\n    }\n\n    .aux-bgcolor-1 {\n        background-color: #00282E\n    }\n\n    .aux-color-2 {\n        color: #C90000\n    }\n\n    .aux-bgcolor-2 {\n        background-color: #C90000\n    }\n\n    body {\n        background-color: #FFF\n    }\n\n    a {\n        color: #C90000\n    }\n\n    .cr-web-row {\n        width: 100%;\n        max-width: 600px\n    }\n\n    .cr-maxwidth {\n        max-width: 600px\n    }\n<\/style><style hash=\"cr-text-web\">.cr-text {\n        font-family: Helvetica, Arial, sans-serif;\n        font-size: 14px\n    }\n<\/style><style hash=\"cr-web-css\">.cr-nope {\n        display: none !important\n    }\n\n    .cr-web-row {\n        box-sizing: border-box\n    }\n\n    @media only screen and (max-width:768px) {\n        .cr-web-row {\n            width: 75vw\n        }\n    }\n\n    .cr-web-wrapper {\n        display: flex;\n        justify-content: center\n    }\n\n    .cr-web-row ul,\n    .cr-web-row li {\n        gap: 4px;\n        flex-direction: row\n    }\n\n    .cr-web-row ul {\n        padding: 0 8px;\n        margin: 0;\n        list-style-type: none;\n        flex-direction: column\n    }\n\n    .cr-web-row option {\n        min-height: 2em;\n        white-space: normal\n    }\n\n    .cr-web-form {\n        display: flex;\n        flex-direction: column\n    }\n\n    .cr-web-form input,\n    .cr-web-form select,\n    .cr-web-form button {\n        padding: 8px 12px;\n        border-radius: 4px;\n        border-style: solid;\n        border-width: 1px\n    }\n\n    .cr-web-form label,\n    .cr-web-label {\n        font-weight: 500;\n        padding: 8px 0 8px 0;\n        font-style: normal;\n        line-height: normal\n    }\n\n    .cr-web-form button {\n        font-size: 1em;\n        font-weight: 700;\n        color: #fff;\n        font-style: normal;\n        border-style: solid;\n        border-color: #fff0;\n        border-radius: 4px;\n        cursor: pointer\n    }\n\n    .cr-web-form label.required:after {\n        content: ' *';\n        width: 10px;\n        height: 100%;\n        font-size: 1.1em;\n        line-height: inherit\n    }\n\n    .cr-web-label.required:after {\n        content: ' *'\n    }\n\n    .cr-web-form label.required .cred-html-wrapper,\n    .cr-web-form label.required .cred-html {\n        display: inline-block !important\n    }\n<\/style><style hash=\"cr-web-required\">.cr-web-label.required:after {\n        content: ' *'\n    }\n<\/style><style data-source=\"autogenerated google-fixes\">u+#body a {\n        color: #C90000\n    }\n\n    u+#body {\n        background-color: #FFF\n    }\n<\/style><form method=\"post\" action=\"https:\/\/flow.cleverreach.com\/fl\/56c5caec-e81e-4131-ad32-df7475c22ff5\/confirm\" class=\"\" target=\"_blank\"><input type=\"text\" tabindex=\"-1\" autocomplete=\"false\" style=\"display:none !important;\" class=\"cr-nope\" name=\"email_confirm\"\/><div class=\"cr-web-wrapper bgcolor-1\"><div class=\"cr-web-row bgcolor-2\" style=\"padding:10px 20px;\"><div class=\"cr-web-form cr-text color-2\" style=\"\"><div class=\"cr-web-form\"><label>Anrede<\/label><select name=\"global.salutation\"><option value=\"female\">Weiblich<\/option><option value=\"male\">M\u00e4nnlich<\/option><option value=\"divers\">Divers<\/option><\/select><\/div><\/div><\/div><\/div><div class=\"cr-web-wrapper bgcolor-1\"><div class=\"cr-web-row bgcolor-2\" style=\"padding:10px 20px;\"><div class=\"cr-text color-2\" style=\"\"><div class=\"cr-web-form\"><label>Titel<\/label><input type=\"text\" placeholder=\"Titel\" name=\"global.company\"\/><\/div><\/div><\/div><\/div><div class=\"cr-web-wrapper bgcolor-1\"><div class=\"cr-web-row bgcolor-2\" style=\"padding:10px 20px;\"><div class=\"cr-text color-2\" style=\"\"><div class=\"cr-web-form\"><label class=\"required\">Vorname<\/label><input type=\"text\" placeholder=\"Vorname\" name=\"global.firstname\" required=\"\"\/><\/div><\/div><\/div><\/div><div class=\"cr-web-wrapper bgcolor-1\"><div class=\"cr-web-row bgcolor-2\" style=\"padding:10px 20px;\"><div class=\"cr-text color-2\" style=\"\"><div class=\"cr-web-form\"><label class=\"required\">Nachname<\/label><input type=\"text\" placeholder=\"\" name=\"global.lastname\" required=\"\"\/><\/div><\/div><\/div><\/div><div class=\"cr-web-wrapper bgcolor-1\"><div class=\"cr-web-row bgcolor-2\" style=\"padding:10px 20px;\"><div class=\"cr-text color-2\" style=\"\"><div class=\"cr-web-form\"><label class=\"required\">E-Mail<\/label><input type=\"email\" placeholder=\"\" name=\"email\" required=\"\"\/><\/div><\/div><\/div><\/div><div class=\"cr-web-wrapper bgcolor-1\"><div class=\"cr-web-row bgcolor-2\" style=\"padding:10px 20px;\"><div class=\"cr-text color-2\" style=\"\"><div align=\"left\"><p class=\"false\"><strong><span style=\"font-family: helvetica, arial, sans-serif;\">ANMELDUNG ZUM NEWSLETTER<\/span><\/strong><\/p><p class=\"false\"><span style=\"font-family: helvetica, arial, sans-serif;\">Hiermit erkl\u00e4re ich meine Einwilligung zur Verarbeitung meiner personenbezogenen Daten, die f\u00fcr den oben genannten Zweck (Informationen via Newsletter) gespeichert werden. Wenn Sie keine Informationen mehr erhalten m\u00f6chten, haben Sie die M\u00f6glichkeit, auf den Abbestellungs-Link zu klicken, den Sie in der Fu\u00dfzeile jeder E-Mail, die Sie von uns erhalten, finden. Oder Sie k\u00f6nnen uns gerne unter info@kulturevents-austria.at kontaktieren. Ihre Daten werden nicht an Dritte weitergegeben und nicht verkauft. Es steht Ihnen das Recht auf Widerruf der Einwilligung oder des Widerspruches zu, ebenso wie das Recht auf Auskunft, Berichtigung, Einschr\u00e4nkung der Verarbeitung, L\u00f6schung, Daten\u00fcbertragbarkeit sowie das Recht auf Beschwerde bei der Aufsichtsbeh\u00f6rde (Wickenburggasse 8-10, 1080 Wien, E-Mail: dsb@dsb.gv.at).<\/span><\/p><\/div><\/div><\/div><\/div><div class=\"cr-web-wrapper bgcolor-1\"><div class=\"cr-web-row bgcolor-2\" style=\"padding:10px 20px;\"><div class=\"cr-text color-2\" style=\"\"><div align=\"left\"><em class=\"false\">Wir senden keinen Spam! Erfahre mehr in unserer <a href=\"https:\/\/www.kulturevents-austria.at\/en\/privacy\/\"><span style=\"color: #e03e2d;\">Datenschutzerkl\u00e4rung.<\/span><\/a><\/em><\/div><\/div><\/div><\/div><div class=\"cr-web-wrapper bgcolor-1\"><div class=\"cr-web-row bgcolor-2\" style=\"padding:10px 20px;\"><div class=\"cr-text color-2\" style=\"\"><div class=\"cr-web-form\"><div class=\"cr-web-label required\">Datenschutzbestimmungen<\/div><ul><li><input type=\"checkbox\" name=\"tags[]\" value=\"datenschutz\"\/><label>Ich erkl\u00e4re mich mit den Datenschutzbestimmungen einverstanden.<\/label><\/li><\/ul><\/div><\/div><\/div><\/div><div class=\"cr-web-wrapper bgcolor-1\"><div class=\"cr-web-row bgcolor-2\" style=\"padding:10px 20px;\"><div class=\"cr-web-form\"><button type=\"submit\" class=\"aux-color-1 aux-bgcolor-1 cr-text\" style=\"background-color: rgb(199, 0, 0); color: rgb(255, 255, 255);\">Abonnieren<\/button><\/div><\/div><\/div><\/form>\n\n\n\n<div style=\"height:50px\" aria-hidden=\"true\" class=\"wp-block-spacer\"><\/div>\n<\/div>\n<\/div>\n","protected":false},"excerpt":{"rendered":"<p>Subscribe to our newsletter Stay up to date, don&#8217;t miss any interesting events and subscribe now to the newsletter of KulturEvents Austria! AnredeWeiblichM\u00e4nnlichDivers Titel Vorname Nachname E-Mail ANMELDUNG ZUM NEWSLETTER Hiermit erkl\u00e4re ich meine Einwilligung zur Verarbeitung meiner personenbezogenen Daten, die f\u00fcr den oben genannten Zweck (Informationen via Newsletter) gespeichert werden. Wenn Sie keine Informationen [&hellip;]<\/p>\n","protected":false},"author":1,"featured_media":10004,"parent":0,"menu_order":32,"comment_status":"closed","ping_status":"closed","template":"","meta":{"_acf_changed":false,"_kad_blocks_custom_css":"","_kad_blocks_head_custom_js":"","_kad_blocks_body_custom_js":"","_kad_blocks_footer_custom_js":"","powered_cache_disable_cache":false,"powered_cache_disable_lazyload":false,"footnotes":""},"class_list":["post-11831","page","type-page","status-publish","has-post-thumbnail","hentry"],"acf":[],"taxonomy_info":[],"featured_image_src_large":["https:\/\/www.kulturevents-austria.at\/wp-content\/uploads\/2022\/06\/Headerbild-Kontakt-1-1024x373.jpg",1024,373,true],"author_info":{"display_name":"admin_kea","author_link":"https:\/\/www.kulturevents-austria.at\/en\/author\/admin_kea\/"},"comment_info":0,"_links":{"self":[{"href":"https:\/\/www.kulturevents-austria.at\/en\/wp-json\/wp\/v2\/pages\/11831","targetHints":{"allow":["GET"]}}],"collection":[{"href":"https:\/\/www.kulturevents-austria.at\/en\/wp-json\/wp\/v2\/pages"}],"about":[{"href":"https:\/\/www.kulturevents-austria.at\/en\/wp-json\/wp\/v2\/types\/page"}],"author":[{"embeddable":true,"href":"https:\/\/www.kulturevents-austria.at\/en\/wp-json\/wp\/v2\/users\/1"}],"replies":[{"embeddable":true,"href":"https:\/\/www.kulturevents-austria.at\/en\/wp-json\/wp\/v2\/comments?post=11831"}],"version-history":[{"count":0,"href":"https:\/\/www.kulturevents-austria.at\/en\/wp-json\/wp\/v2\/pages\/11831\/revisions"}],"wp:featuredmedia":[{"embeddable":true,"href":"https:\/\/www.kulturevents-austria.at\/en\/wp-json\/wp\/v2\/media\/10004"}],"wp:attachment":[{"href":"https:\/\/www.kulturevents-austria.at\/en\/wp-json\/wp\/v2\/media?parent=11831"}],"curies":[{"name":"wp","href":"https:\/\/api.w.org\/{rel}","templated":true}]}}